{"id":596,"date":"2020-10-02T17:39:06","date_gmt":"2020-10-02T15:39:06","guid":{"rendered":"http:\/\/gid-mali.com\/?page_id=596"},"modified":"2020-10-05T13:15:34","modified_gmt":"2020-10-05T11:15:34","slug":"services-2","status":"publish","type":"page","link":"https:\/\/gid-mali.com\/index.php\/services-2\/","title":{"rendered":"Services"},"content":{"rendered":"\t\t<div data-elementor-type=\"wp-page\" data-elementor-id=\"596\" class=\"elementor elementor-596\" data-elementor-settings=\"[]\">\n\t\t\t\t\t\t<div class=\"elementor-inner\">\n\t\t\t\t\t\t\t<div class=\"elementor-section-wrap\">\n\t\t\t\t\t\t\t<section class=\"elementor-section elementor-top-section elementor-element elementor-element-7ed0439 elementor-section-boxed elementor-section-height-default elementor-section-height-default\" data-id=\"7ed0439\" data-element_type=\"section\">\n\t\t\t\t\t\t<div class=\"elementor-container elementor-column-gap-default\">\n\t\t\t\t\t\t\t<div class=\"elementor-row\">\n\t\t\t\t\t<div class=\"elementor-column elementor-col-100 elementor-top-column elementor-element elementor-element-b0edfd7\" data-id=\"b0edfd7\" data-element_type=\"column\">\n\t\t\t<div class=\"elementor-column-wrap elementor-element-populated\">\n\t\t\t\t\t\t\t<div class=\"elementor-widget-wrap\">\n\t\t\t\t\t\t<div class=\"elementor-element elementor-element-eb2f0d2 elementor-widget elementor-widget-heading\" data-id=\"eb2f0d2\" data-element_type=\"widget\" data-widget_type=\"heading.default\">\n\t\t\t\t<div class=\"elementor-widget-container\">\n\t\t\t<h2 class=\"elementor-heading-title elementor-size-default\">SECTEURS<\/h2>\t\t<\/div>\n\t\t\t\t<\/div>\n\t\t\t\t<div class=\"elementor-element elementor-element-2b95b7c elementor-widget elementor-widget-themedraft_promo_box\" data-id=\"2b95b7c\" data-element_type=\"widget\" data-widget_type=\"themedraft_promo_box.default\">\n\t\t\t\t<div class=\"elementor-widget-container\">\n\t\t\t\n        <div class=\"td-promo-box-wrapper\">\n            <div class=\"container\">\n                <div class=\"row td-no-gutters-xl\">\n\t\t\t\t\t                            <div class=\"td-promo-box-column td-col-xl-5 col-lg-4 col-md-4 col-12 \" >\n                                <div class=\"td-single-promo-box td-transition\">\n\t\t\t\t\t\t\t\t\t                                        <div class=\"td-icon-wrapper td-promo-icon-wrapper td-font-icon\">\n\t\t\t\t\t\t\t\t\t\t\t<i aria-hidden=\"true\" class=\"td-icon flaticon-industry-construction-machine\"><\/i>                                        <\/div>\n\t\t\t\t\t\t\t\t\t\n                                    <h6 class=\"td-promo-title\">Am\u00e9nagement Hydroagricole<\/h6>\n                                <\/div>\n                            <\/div>\n\t\t\t\t\t\t                            <div class=\"td-promo-box-column td-col-xl-5 col-lg-4 col-md-4 col-12 \" >\n                                <div class=\"td-single-promo-box td-transition\">\n\t\t\t\t\t\t\t\t\t                                        <div class=\"td-icon-wrapper td-promo-icon-wrapper td-font-icon\">\n\t\t\t\t\t\t\t\t\t\t\t<i aria-hidden=\"true\" class=\"fas fa-route\"><\/i>                                        <\/div>\n\t\t\t\t\t\t\t\t\t\n                                    <h6 class=\"td-promo-title\">Am\u00e9nagement Routier<\/h6>\n                                <\/div>\n                            <\/div>\n\t\t\t\t\t\t                            <div class=\"td-promo-box-column td-col-xl-5 col-lg-4 col-md-4 col-12 \" >\n                                <div class=\"td-single-promo-box td-transition\">\n\t\t\t\t\t\t\t\t\t                                        <div class=\"td-icon-wrapper td-promo-icon-wrapper td-font-icon\">\n\t\t\t\t\t\t\t\t\t\t\t<i aria-hidden=\"true\" class=\"fas fa-solar-panel\"><\/i>                                        <\/div>\n\t\t\t\t\t\t\t\t\t\n                                    <h6 class=\"td-promo-title\">\u00c9nergie Renouvellable<\/h6>\n                                <\/div>\n                            <\/div>\n\t\t\t\t\t\t                            <div class=\"td-promo-box-column td-col-xl-5 col-lg-4 col-md-4 col-12 \" >\n                                <div class=\"td-single-promo-box td-transition\">\n\t\t\t\t\t\t\t\t\t                                        <div class=\"td-icon-wrapper td-promo-icon-wrapper td-font-icon\">\n\t\t\t\t\t\t\t\t\t\t\t<i aria-hidden=\"true\" class=\"fab fa-envira\"><\/i>                                        <\/div>\n\t\t\t\t\t\t\t\t\t\n                                    <h6 class=\"td-promo-title\">Urbanisme et environnement<\/h6>\n                                <\/div>\n                            <\/div>\n\t\t\t\t\t\t                            <div class=\"td-promo-box-column td-col-xl-5 col-lg-4 col-md-4 col-12 \" >\n                                <div class=\"td-single-promo-box td-transition\">\n\t\t\t\t\t\t\t\t\t                                        <div class=\"td-icon-wrapper td-promo-icon-wrapper td-font-icon\">\n\t\t\t\t\t\t\t\t\t\t\t<i aria-hidden=\"true\" class=\"td-icon flaticon-business-approved\"><\/i>                                        <\/div>\n\t\t\t\t\t\t\t\t\t\n                                    <h6 class=\"td-promo-title\">Approvisionnement eau Assainissement<\/h6>\n                                <\/div>\n                            <\/div>\n\t\t\t\t\t\t                <\/div>\n            <\/div>\n        <\/div>\n\n\t\t\t\t<\/div>\n\t\t\t\t<\/div>\n\t\t\t\t\t\t<\/div>\n\t\t\t\t\t<\/div>\n\t\t<\/div>\n\t\t\t\t\t\t\t\t<\/div>\n\t\t\t\t\t<\/div>\n\t\t<\/section>\n\t\t\t\t<section class=\"elementor-section elementor-top-section elementor-element elementor-element-cc40af6 elementor-section-boxed elementor-section-height-default elementor-section-height-default\" data-id=\"cc40af6\" data-element_type=\"section\">\n\t\t\t\t\t\t<div class=\"elementor-container elementor-column-gap-default\">\n\t\t\t\t\t\t\t<div class=\"elementor-row\">\n\t\t\t\t\t<div class=\"elementor-column elementor-col-33 elementor-top-column elementor-element elementor-element-8654b10\" data-id=\"8654b10\" data-element_type=\"column\">\n\t\t\t<div class=\"elementor-column-wrap elementor-element-populated\">\n\t\t\t\t\t\t\t<div class=\"elementor-widget-wrap\">\n\t\t\t\t\t\t<div class=\"elementor-element elementor-element-ca5d398 elementor-widget elementor-widget-image\" data-id=\"ca5d398\" data-element_type=\"widget\" data-widget_type=\"image.default\">\n\t\t\t\t<div class=\"elementor-widget-container\">\n\t\t\t\t\t<div class=\"elementor-image\">\n\t\t\t\t\t\t\t\t\t\t<img width=\"512\" height=\"410\" src=\"https:\/\/gid-mali.com\/wp-content\/uploads\/2020\/10\/unnamed-1.jpg\" class=\"attachment-large size-large\" alt=\"\" loading=\"lazy\" srcset=\"https:\/\/gid-mali.com\/wp-content\/uploads\/2020\/10\/unnamed-1.jpg 512w, https:\/\/gid-mali.com\/wp-content\/uploads\/2020\/10\/unnamed-1-300x240.jpg 300w\" sizes=\"(max-width: 512px) 100vw, 512px\" \/>\t\t\t\t\t\t\t\t\t\t\t<\/div>\n\t\t\t\t<\/div>\n\t\t\t\t<\/div>\n\t\t\t\t<div class=\"elementor-element elementor-element-538a093 elementor-widget elementor-widget-image\" data-id=\"538a093\" data-element_type=\"widget\" data-widget_type=\"image.default\">\n\t\t\t\t<div class=\"elementor-widget-container\">\n\t\t\t\t\t<div class=\"elementor-image\">\n\t\t\t\t\t\t\t\t\t\t<img width=\"512\" height=\"288\" src=\"https:\/\/gid-mali.com\/wp-content\/uploads\/2020\/10\/unnamed.jpg\" class=\"attachment-large size-large\" alt=\"\" loading=\"lazy\" srcset=\"https:\/\/gid-mali.com\/wp-content\/uploads\/2020\/10\/unnamed.jpg 512w, https:\/\/gid-mali.com\/wp-content\/uploads\/2020\/10\/unnamed-300x169.jpg 300w\" sizes=\"(max-width: 512px) 100vw, 512px\" \/>\t\t\t\t\t\t\t\t\t\t\t<\/div>\n\t\t\t\t<\/div>\n\t\t\t\t<\/div>\n\t\t\t\t<div class=\"elementor-element elementor-element-09fbfe4 elementor-widget elementor-widget-image\" data-id=\"09fbfe4\" data-element_type=\"widget\" data-widget_type=\"image.default\">\n\t\t\t\t<div class=\"elementor-widget-container\">\n\t\t\t\t\t<div class=\"elementor-image\">\n\t\t\t\t\t\t\t\t\t\t<img src=\"https:\/\/gid-mali.com\/wp-content\/uploads\/2020\/10\/jsp-evo2.jpg\" title=\"jsp-evo2\" alt=\"jsp-evo2\" \/>\t\t\t\t\t\t\t\t\t\t\t<\/div>\n\t\t\t\t<\/div>\n\t\t\t\t<\/div>\n\t\t\t\t\t\t<\/div>\n\t\t\t\t\t<\/div>\n\t\t<\/div>\n\t\t\t\t<div class=\"elementor-column elementor-col-66 elementor-top-column elementor-element elementor-element-d22ff53\" data-id=\"d22ff53\" data-element_type=\"column\">\n\t\t\t<div class=\"elementor-column-wrap elementor-element-populated\">\n\t\t\t\t\t\t\t<div class=\"elementor-widget-wrap\">\n\t\t\t\t\t\t<div class=\"elementor-element elementor-element-f1e7b4e elementor-widget elementor-widget-themedraft_accordion\" data-id=\"f1e7b4e\" data-element_type=\"widget\" data-widget_type=\"themedraft_accordion.default\">\n\t\t\t\t<div class=\"elementor-widget-container\">\n\t\t\t        <div class=\"td-accordion-wrapper\">\n\t\t\t            <div class=\"accordion\" id=\"td-accordion\">\n\n\t\t\t\t                        <div class=\"card\">\n                            <div class=\"card-header active\">\n                                <h2 class=\"card-title\">\n                                    <button class=\"btn btn-link\" type=\"button\" data-toggle=\"collapse\" data-target=\"#collapse-1\" aria-expanded=\"true\">\n\t\t\t\t\t\t\t\t\t\t01. Etudes et Plans                                    <\/button>\n                                <\/h2>\n                            <\/div>\n\n                            <div id=\"collapse-1\" class=\"collapse show\" data-parent=\"#td-accordion\">\n                                <div class=\"card-body\">\n\t\t\t\t\t\t\t\t\t<ul><li>\u00c9tudes de faisabilit\u00e9<\/li><li>Relev\u00e9s topographiques<\/li><li>\u00c9tudes socio-\u00e9conomiques<\/li><li>\u00a0\u00c9tudes d'investissement financier<\/li><li>\u00c9tudes d'impact environnemental \u00c9tudes d'impact social<\/li><li>Plans directeurs<\/li><\/ul>                                <\/div>\n                            <\/div>\n                        <\/div>\n\t\t\t\t\t\t                        <div class=\"card\">\n                            <div class=\"card-header \">\n                                <h2 class=\"card-title\">\n                                    <button class=\"btn btn-link\" type=\"button\" data-toggle=\"collapse\" data-target=\"#collapse-2\" aria-expanded=\"false\">\n\t\t\t\t\t\t\t\t\t\t02. Conception et assistance pour les candidatures aux appels d'offres                                    <\/button>\n                                <\/h2>\n                            <\/div>\n\n                            <div id=\"collapse-2\" class=\"collapse \" data-parent=\"#td-accordion\">\n                                <div class=\"card-body\">\n\t\t\t\t\t\t\t\t\t<ul><li>Etudes d\u2019Avant-projet Sommaire (APS)<\/li><li>\u00a0Etudes d\u2019Avant-Projet D\u00e9taill\u00e9 (APD)<\/li><li>\u00a0Projets d\u2019Ex\u00e9cution<\/li><li>\u00a0Pr\u00e9paration des Documents pour les Appels d'Offres (DAO\/DCE)<\/li><li>Assistance pour proc\u00e9dure d'appel d'offres et adjudication du contrat<\/li><\/ul>                                <\/div>\n                            <\/div>\n                        <\/div>\n\t\t\t\t\t\t                        <div class=\"card\">\n                            <div class=\"card-header \">\n                                <h2 class=\"card-title\">\n                                    <button class=\"btn btn-link\" type=\"button\" data-toggle=\"collapse\" data-target=\"#collapse-3\" aria-expanded=\"false\">\n\t\t\t\t\t\t\t\t\t\t03. Gestion de la construction et supervision                                    <\/button>\n                                <\/h2>\n                            <\/div>\n\n                            <div id=\"collapse-3\" class=\"collapse \" data-parent=\"#td-accordion\">\n                                <div class=\"card-body\">\n\t\t\t\t\t\t\t\t\t<ul><li>Enqu\u00eates<\/li><li>Contr\u00f4le et supervision de chantiers<\/li><li>\u00a0Gestion de la construction<\/li><li>\u00a0Programmes de fonctionnement et de maintenance<\/li><\/ul>                                <\/div>\n                            <\/div>\n                        <\/div>\n\t\t\t\t\t\t                        <div class=\"card\">\n                            <div class=\"card-header \">\n                                <h2 class=\"card-title\">\n                                    <button class=\"btn btn-link\" type=\"button\" data-toggle=\"collapse\" data-target=\"#collapse-4\" aria-expanded=\"false\">\n\t\t\t\t\t\t\t\t\t\t04. Consultation                                    <\/button>\n                                <\/h2>\n                            <\/div>\n\n                            <div id=\"collapse-4\" class=\"collapse \" data-parent=\"#td-accordion\">\n                                <div class=\"card-body\">\n\t\t\t\t\t\t\t\t\t<ul><li>Conseil pour l'\u00e9laboration des politiques sectorielles<\/li><li>\u00a0Conseil pour la d\u00e9finition et l'ex\u00e9cution de plans sectoriels<\/li><li>\u00a0Renforcement institutionnel et formation<\/li><li>Assistance technique<\/li><\/ul>                                <\/div>\n                            <\/div>\n                        <\/div>\n\t\t\t\t\t\t            <\/div>\n        <\/div>\n\n        <script>\n            (function ($) {\n                \"use strict\";\n                jQuery(document).ready(function($){\n                    $(\".td-accordion-wrapper .card-header\").on(\"click\", function () {\n                        if ($(this).hasClass(\"active\")){\n                            $(this).removeClass(\"active\");\n                        }else{\n                            $(\".td-accordion-wrapper .card-header\").removeClass(\"active\");\n                            $(this).addClass(\"active\");\n                        }\n                    });\n                });\n            }(jQuery));\n        <\/script>\n\t\t\t\t<\/div>\n\t\t\t\t<\/div>\n\t\t\t\t\t\t<\/div>\n\t\t\t\t\t<\/div>\n\t\t<\/div>\n\t\t\t\t\t\t\t\t<\/div>\n\t\t\t\t\t<\/div>\n\t\t<\/section>\n\t\t\t\t\t\t<\/div>\n\t\t\t\t\t\t<\/div>\n\t\t\t\t\t<\/div>\n\t\t","protected":false},"excerpt":{"rendered":"<p>SECTEURS Am\u00e9nagement Hydroagricole Am\u00e9nagement Routier \u00c9nergie Renouvellable Urbanisme et environnement Approvisionnement eau Assainissement 01. Etudes et Plans \u00c9tudes de faisabilit\u00e9 Relev\u00e9s topographiques \u00c9tudes socio-\u00e9conomiques \u00a0\u00c9tudes d&rsquo;investissement financier \u00c9tudes d&rsquo;impact environnemental \u00c9tudes d&rsquo;impact social Plans directeurs 02. Conception et assistance pour les candidatures aux appels d&rsquo;offres Etudes d\u2019Avant-projet Sommaire (APS) \u00a0Etudes d\u2019Avant-Projet D\u00e9taill\u00e9 (APD) \u00a0Projets d\u2019Ex\u00e9cution [&hellip;]<\/p>\n","protected":false},"author":1,"featured_media":0,"parent":0,"menu_order":0,"comment_status":"closed","ping_status":"closed","template":"","meta":[],"_links":{"self":[{"href":"https:\/\/gid-mali.com\/index.php\/wp-json\/wp\/v2\/pages\/596"}],"collection":[{"href":"https:\/\/gid-mali.com\/index.php\/wp-json\/wp\/v2\/pages"}],"about":[{"href":"https:\/\/gid-mali.com\/index.php\/wp-json\/wp\/v2\/types\/page"}],"author":[{"embeddable":true,"href":"https:\/\/gid-mali.com\/index.php\/wp-json\/wp\/v2\/users\/1"}],"replies":[{"embeddable":true,"href":"https:\/\/gid-mali.com\/index.php\/wp-json\/wp\/v2\/comments?post=596"}],"version-history":[{"count":12,"href":"https:\/\/gid-mali.com\/index.php\/wp-json\/wp\/v2\/pages\/596\/revisions"}],"predecessor-version":[{"id":626,"href":"https:\/\/gid-mali.com\/index.php\/wp-json\/wp\/v2\/pages\/596\/revisions\/626"}],"wp:attachment":[{"href":"https:\/\/gid-mali.com\/index.php\/wp-json\/wp\/v2\/media?parent=596"}],"curies":[{"name":"wp","href":"https:\/\/api.w.org\/{rel}","templated":true}]}}