{"id":889,"date":"2021-02-09T15:07:10","date_gmt":"2021-02-09T14:07:10","guid":{"rendered":"http:\/\/gid-mali.com\/?page_id=889"},"modified":"2021-02-11T10:19:53","modified_gmt":"2021-02-11T09:19:53","slug":"bibliographie","status":"publish","type":"page","link":"https:\/\/gid-mali.com\/index.php\/bibliographie\/","title":{"rendered":"Bibliographie"},"content":{"rendered":"\t\t<div data-elementor-type=\"wp-page\" data-elementor-id=\"889\" class=\"elementor elementor-889\" data-elementor-settings=\"[]\">\n\t\t\t\t\t\t<div class=\"elementor-inner\">\n\t\t\t\t\t\t\t<div class=\"elementor-section-wrap\">\n\t\t\t\t\t\t\t<section class=\"elementor-section elementor-top-section elementor-element elementor-element-c4b7f4a elementor-section-boxed elementor-section-height-default elementor-section-height-default\" data-id=\"c4b7f4a\" data-element_type=\"section\">\n\t\t\t\t\t\t<div class=\"elementor-container elementor-column-gap-default\">\n\t\t\t\t\t\t\t<div class=\"elementor-row\">\n\t\t\t\t\t<div class=\"elementor-column elementor-col-100 elementor-top-column elementor-element elementor-element-ddd7147\" data-id=\"ddd7147\" data-element_type=\"column\">\n\t\t\t<div class=\"elementor-column-wrap elementor-element-populated\">\n\t\t\t\t\t\t\t<div class=\"elementor-widget-wrap\">\n\t\t\t\t\t\t<div class=\"elementor-element elementor-element-702c54d elementor-widget elementor-widget-spacer\" data-id=\"702c54d\" data-element_type=\"widget\" data-widget_type=\"spacer.default\">\n\t\t\t\t<div class=\"elementor-widget-container\">\n\t\t\t\t\t<div class=\"elementor-spacer\">\n\t\t\t<div class=\"elementor-spacer-inner\"><\/div>\n\t\t<\/div>\n\t\t\t\t<\/div>\n\t\t\t\t<\/div>\n\t\t\t\t\t\t<\/div>\n\t\t\t\t\t<\/div>\n\t\t<\/div>\n\t\t\t\t\t\t\t\t<\/div>\n\t\t\t\t\t<\/div>\n\t\t<\/section>\n\t\t\t\t<section class=\"elementor-section elementor-top-section elementor-element elementor-element-d5f9aa8 elementor-section-boxed elementor-section-height-default elementor-section-height-default\" data-id=\"d5f9aa8\" data-element_type=\"section\">\n\t\t\t\t\t\t<div class=\"elementor-container elementor-column-gap-default\">\n\t\t\t\t\t\t\t<div class=\"elementor-row\">\n\t\t\t\t\t<div class=\"elementor-column elementor-col-100 elementor-top-column elementor-element elementor-element-d74ef1d\" data-id=\"d74ef1d\" data-element_type=\"column\">\n\t\t\t<div class=\"elementor-column-wrap elementor-element-populated\">\n\t\t\t\t\t\t\t<div class=\"elementor-widget-wrap\">\n\t\t\t\t\t\t<div class=\"elementor-element elementor-element-c240658 elementor-widget elementor-widget-themedraft_team_member_info\" data-id=\"c240658\" data-element_type=\"widget\" data-widget_type=\"themedraft_team_member_info.default\">\n\t\t\t\t<div class=\"elementor-widget-container\">\n\t\t\t\n        <div class=\"td-member-details-info-wrapper\">\n            <div class=\"row\">\n                <div class=\"col-lg-12 td-member-details-info-col\">\n                    <div class=\"td-member-photo-and-social\">\n                        <div class=\"td-member-image-shape\"><\/div>\n                        <div class=\"td-member-image\">\n                            <img src=\"http:\/\/gid-mali.com\/wp-content\/uploads\/2020\/10\/unnamed-1.jpg?>\" alt=\"\">\n\n                        <\/div>\n\n                        <div class=\"td-member-social-info\">\n                            <ul class=\"td-list-style td-list-inline\">\n\t\t\t\t\t\t\t\t                                        <li>\n                                            <a href=\"\"  target=\"_blank\">\n\t\t\t\t\t\t\t\t\t\t\t\t<i aria-hidden=\"true\" class=\"fab fa-linkedin-in\"><\/i>                                            <\/a>\n                                        <\/li>\n\t\t\t\t\t\t\t\t\t\t\n\n                            <\/ul>\n                        <\/div>\n                    <\/div>\n\n                    <div class=\"td-member-details-wrapper\">\n                        <h3 class=\"td-member-name\">Di\u00e9ly Moussa KOUYATE<\/h3>\n                        <div class=\"td-quick-info\">\n\t\t\t\t\t\t\t<div style=\"text-align:justify;\"><ul>\n \t<li><strong>Nom et prenom<\/strong>\u00a0Di\u00e9ly Moussa KOUYATE<\/li>\n \t<li><strong>Date de naissance:<\/strong>15 ao\u00fbt 1945 \u00e0 Kankan (R\u00e9p. de Guin\u00e9e)<\/li>\n \t<li><strong>Poste<\/strong>Directeur g\u00e9n\u00e9ral<\/li>\n<\/ul>\nMonsieur KOUYATE a obtenu en 1974 son dipl\u00f4me de Docteur en Sciences Agraires Option G\u00e9nie Rural \u00e0 la Facult\u00e9 d\u2019Agronomie de Florence, Italie et celui d\u2019Ing\u00e9nieur en irrigation en 1975 \u00e0 l\u2019Institut International d\u2019Irrigation des Hautes Etudes Agronomiques \u00e0 Bari (Italie).\u00a0.<\/div>                        <\/div>\n                    <\/div>\n                <\/div>\n            <\/div>\n        <\/div>\n\n\t\t\t\t<\/div>\n\t\t\t\t<\/div>\n\t\t\t\t\t\t<\/div>\n\t\t\t\t\t<\/div>\n\t\t<\/div>\n\t\t\t\t\t\t\t\t<\/div>\n\t\t\t\t\t<\/div>\n\t\t<\/section>\n\t\t\t\t<section class=\"elementor-section elementor-top-section elementor-element elementor-element-30f3918 elementor-section-boxed elementor-section-height-default elementor-section-height-default\" data-id=\"30f3918\" data-element_type=\"section\">\n\t\t\t\t\t\t<div class=\"elementor-container elementor-column-gap-default\">\n\t\t\t\t\t\t\t<div class=\"elementor-row\">\n\t\t\t\t\t<div class=\"elementor-column elementor-col-100 elementor-top-column elementor-element elementor-element-227c36d\" data-id=\"227c36d\" data-element_type=\"column\">\n\t\t\t<div class=\"elementor-column-wrap elementor-element-populated\">\n\t\t\t\t\t\t\t<div class=\"elementor-widget-wrap\">\n\t\t\t\t\t\t<div class=\"elementor-element elementor-element-ccda71b elementor-widget elementor-widget-text-editor\" data-id=\"ccda71b\" data-element_type=\"widget\" data-widget_type=\"text-editor.default\">\n\t\t\t\t<div class=\"elementor-widget-container\">\n\t\t\t\t\t<div class=\"elementor-text-editor elementor-clearfix\"><div style=\"text-align:justify;\">Entr\u00e9e en fonction en 1975 \u00e0 la<strong> Direction Nationale du G\u00e9nie Rural, <\/strong>Monsieur KOUYATE s\u2019est occup\u00e9 des \u00e9tudes agricoles, socio-\u00e9conomiques et des \u00e9tudes pluridisciplinaires, dans le cadre des projets d\u2019am\u00e9nagements hydro-agricoles.\n\nEn octobre 1977, nomm\u00e9 <strong>Chef de la Division Am\u00e9nagements Agricoles<\/strong>, il \u00e9tait charg\u00e9 de la coordination des \u00e9tudes et du contr\u00f4le des travaux des am\u00e9nagements hydro-agricoles suivis par le GID:\n\n<strong>De 1977 \u00e0 1982 Monsieur KOUYATE<\/strong> \u00e9tait membre permanent du comit\u00e9 de r\u00e9habilitation de <strong>l\u2019Office du Niger avec la Banque Mondiale<\/strong>, Responsable du volet Am\u00e9nagement Hydro-agricole dans le cadre de <strong>l\u2019OMVS (Organisation pour la Mise en Valeur du Fleuve S\u00e9n\u00e9gal).<\/strong>\n\n<strong>Il fut \u00e9galement expert dans plusieurs projets de d\u00e9veloppement \u00e0 la base\u00a0:<\/strong><\/div>\n\t\t\t\t<\/div>\n\t\t\t\t<\/div>\n\t\t\t\t\t\t<\/div>\n\t\t\t\t\t<\/div>\n\t\t<\/div>\n\t\t\t\t\t\t\t\t<\/div>\n\t\t\t\t\t<\/div>\n\t\t<\/section>\n\t\t\t\t<section class=\"elementor-section elementor-top-section elementor-element elementor-element-89d70a7 elementor-section-boxed elementor-section-height-default elementor-section-height-default\" data-id=\"89d70a7\" data-element_type=\"section\">\n\t\t\t\t\t\t<div class=\"elementor-container elementor-column-gap-default\">\n\t\t\t\t\t\t\t<div class=\"elementor-row\">\n\t\t\t\t\t<div class=\"elementor-column elementor-col-33 elementor-top-column elementor-element elementor-element-2f50f2c\" data-id=\"2f50f2c\" data-element_type=\"column\">\n\t\t\t<div class=\"elementor-column-wrap elementor-element-populated\">\n\t\t\t\t\t\t\t<div class=\"elementor-widget-wrap\">\n\t\t\t\t\t\t<div class=\"elementor-element elementor-element-0dc55a2 elementor-widget elementor-widget-text-editor\" data-id=\"0dc55a2\" data-element_type=\"widget\" data-widget_type=\"text-editor.default\">\n\t\t\t\t<div class=\"elementor-widget-container\">\n\t\t\t\t\t<div class=\"elementor-text-editor elementor-clearfix\"><table><tbody><tr><td width=\"543\"><strong>Expert National des cultures irrigu\u00e9es dans le cadre du CILSS<\/strong> (Comit\u00e9 Inter- Etats de Lutte contre la S\u00e9cheresse dans le Sahel.<\/td><\/tr><\/tbody><\/table><\/div>\n\t\t\t\t<\/div>\n\t\t\t\t<\/div>\n\t\t\t\t\t\t<\/div>\n\t\t\t\t\t<\/div>\n\t\t<\/div>\n\t\t\t\t<div class=\"elementor-column elementor-col-33 elementor-top-column elementor-element elementor-element-fa6d9cb\" data-id=\"fa6d9cb\" data-element_type=\"column\">\n\t\t\t<div class=\"elementor-column-wrap elementor-element-populated\">\n\t\t\t\t\t\t\t<div class=\"elementor-widget-wrap\">\n\t\t\t\t\t\t<div class=\"elementor-element elementor-element-0f687dc elementor-widget elementor-widget-text-editor\" data-id=\"0f687dc\" data-element_type=\"widget\" data-widget_type=\"text-editor.default\">\n\t\t\t\t<div class=\"elementor-widget-container\">\n\t\t\t\t\t<div class=\"elementor-text-editor elementor-clearfix\"><table><tbody><tr><td width=\"543\">\u00a0 <strong>Initiateur du programme Fonds d\u2019Aide aux Initiatives de Base<\/strong> \u00ab\u00a0FAIB\u00a0\u00bb avec le PNUD, le FED &#8211; Programme de micror\u00e9alisations..<\/td><\/tr><\/tbody><\/table><\/div>\n\t\t\t\t<\/div>\n\t\t\t\t<\/div>\n\t\t\t\t\t\t<\/div>\n\t\t\t\t\t<\/div>\n\t\t<\/div>\n\t\t\t\t<div class=\"elementor-column elementor-col-33 elementor-top-column elementor-element elementor-element-e4b2ca6\" data-id=\"e4b2ca6\" data-element_type=\"column\">\n\t\t\t<div class=\"elementor-column-wrap elementor-element-populated\">\n\t\t\t\t\t\t\t<div class=\"elementor-widget-wrap\">\n\t\t\t\t\t\t<div class=\"elementor-element elementor-element-24755c4 elementor-widget elementor-widget-text-editor\" data-id=\"24755c4\" data-element_type=\"widget\" data-widget_type=\"text-editor.default\">\n\t\t\t\t<div class=\"elementor-widget-container\">\n\t\t\t\t\t<div class=\"elementor-text-editor elementor-clearfix\"><table>\n<tbody>\n<tr>\n<td width=\"543\"><strong>\u00a0Expert National des cultures irrigu\u00e9es dans le cadre du CILSS <\/strong> (Comit\u00e9 Inter- Etats de Lutte contre la S\u00e9cheresse dans le Sahel.<\/td>\n<\/tr>\n<\/tbody>\n<\/table><\/div>\n\t\t\t\t<\/div>\n\t\t\t\t<\/div>\n\t\t\t\t\t\t<\/div>\n\t\t\t\t\t<\/div>\n\t\t<\/div>\n\t\t\t\t\t\t\t\t<\/div>\n\t\t\t\t\t<\/div>\n\t\t<\/section>\n\t\t\t\t<section class=\"elementor-section elementor-top-section elementor-element elementor-element-6e7da38 elementor-section-boxed elementor-section-height-default elementor-section-height-default\" data-id=\"6e7da38\" data-element_type=\"section\">\n\t\t\t\t\t\t<div class=\"elementor-container elementor-column-gap-default\">\n\t\t\t\t\t\t\t<div class=\"elementor-row\">\n\t\t\t\t\t<div class=\"elementor-column elementor-col-100 elementor-top-column elementor-element elementor-element-a199c37\" data-id=\"a199c37\" data-element_type=\"column\">\n\t\t\t<div class=\"elementor-column-wrap elementor-element-populated\">\n\t\t\t\t\t\t\t<div class=\"elementor-widget-wrap\">\n\t\t\t\t\t\t<div class=\"elementor-element elementor-element-12ff91b elementor-widget elementor-widget-wp-widget-text\" data-id=\"12ff91b\" data-element_type=\"widget\" data-widget_type=\"wp-widget-text.default\">\n\t\t\t\t<div class=\"elementor-widget-container\">\n\t\t\t\t\t\t<div class=\"textwidget\"><p>Monsieur KOUYATE a \u00e9t\u00e9 d\u00e9sign\u00e9 1<sup>er<\/sup>\u00a0Pr\u00e9sident Directeur G\u00e9n\u00e9ral du<strong>\u00a0Groupement d\u2019Ing\u00e9nieurs conseils pour le D\u00e9veloppement (GID-SA\u00a0<\/strong>depuis la cr\u00e9ation de la soci\u00e9t\u00e9.<\/p>\n<p>Monsieur Di\u00e9ly Moussa KOUYATE, Docteur en Sciences Agraires, et Ing\u00e9nieur en Irrigation a eu plus de 40 ans d&rsquo;exp\u00e9riences dans les domaines suivants :<\/p>\n<ul>\n<li>passation de contrats d&rsquo;\u00e9tudes, passation de contrats d&rsquo;\u00e9tudes,<\/li>\n<li>formation et march\u00e9s d&rsquo;infrastructures,<\/li>\n<li>\u00e9valuation des offres, ex\u00e9cution de march\u00e9 et pr\u00e9paration des offres et DAO,<\/li>\n<li>expertise et diagnostic de projets,<\/li>\n<li>coordination des projets d\u2019am\u00e9nagements agricoles, \u00e9tudes socio-\u00e9conomiques,<\/li>\n<li>direction, coordination et supervision des \u00e9tudes pluridisciplinaires.<\/li>\n<\/ul>\n<\/div>\n\t\t\t\t<\/div>\n\t\t\t\t<\/div>\n\t\t\t\t\t\t<\/div>\n\t\t\t\t\t<\/div>\n\t\t<\/div>\n\t\t\t\t\t\t\t\t<\/div>\n\t\t\t\t\t<\/div>\n\t\t<\/section>\n\t\t\t\t<section class=\"elementor-section elementor-top-section elementor-element elementor-element-46242f5 elementor-section-boxed elementor-section-height-default elementor-section-height-default\" data-id=\"46242f5\" data-element_type=\"section\">\n\t\t\t\t\t\t<div class=\"elementor-container elementor-column-gap-default\">\n\t\t\t\t\t\t\t<div class=\"elementor-row\">\n\t\t\t\t\t<div class=\"elementor-column elementor-col-100 elementor-top-column elementor-element elementor-element-a0a97e5\" data-id=\"a0a97e5\" data-element_type=\"column\">\n\t\t\t<div class=\"elementor-column-wrap elementor-element-populated\">\n\t\t\t\t\t\t\t<div class=\"elementor-widget-wrap\">\n\t\t\t\t\t\t<div class=\"elementor-element elementor-element-1708ade elementor-widget elementor-widget-wp-widget-text\" data-id=\"1708ade\" data-element_type=\"widget\" data-widget_type=\"wp-widget-text.default\">\n\t\t\t\t<div class=\"elementor-widget-container\">\n\t\t\t<h5>Affiliation a des associations\/groupements professionnels<\/h5>\t\t\t<div class=\"textwidget\"><\/div>\n\t\t\t\t<\/div>\n\t\t\t\t<\/div>\n\t\t\t\t\t\t<\/div>\n\t\t\t\t\t<\/div>\n\t\t<\/div>\n\t\t\t\t\t\t\t\t<\/div>\n\t\t\t\t\t<\/div>\n\t\t<\/section>\n\t\t\t\t<section class=\"elementor-section elementor-top-section elementor-element elementor-element-c03e7bd elementor-section-boxed elementor-section-height-default elementor-section-height-default\" data-id=\"c03e7bd\" data-element_type=\"section\">\n\t\t\t\t\t\t<div class=\"elementor-container elementor-column-gap-default\">\n\t\t\t\t\t\t\t<div class=\"elementor-row\">\n\t\t\t\t\t<div class=\"elementor-column elementor-col-66 elementor-top-column elementor-element elementor-element-e04f3b6\" data-id=\"e04f3b6\" data-element_type=\"column\">\n\t\t\t<div class=\"elementor-column-wrap elementor-element-populated\">\n\t\t\t\t\t\t\t<div class=\"elementor-widget-wrap\">\n\t\t\t\t\t\t<div class=\"elementor-element elementor-element-cddbe9d elementor-widget elementor-widget-text-editor\" data-id=\"cddbe9d\" data-element_type=\"widget\" data-widget_type=\"text-editor.default\">\n\t\t\t\t<div class=\"elementor-widget-container\">\n\t\t\t\t\t<div class=\"elementor-text-editor elementor-clearfix\"><p>Membre du Comit\u00e9 d\u2019arbitrage et de conciliation de la Chambre de Commerce du Mali<\/p><\/div>\n\t\t\t\t<\/div>\n\t\t\t\t<\/div>\n\t\t\t\t\t\t<\/div>\n\t\t\t\t\t<\/div>\n\t\t<\/div>\n\t\t\t\t<div class=\"elementor-column elementor-col-33 elementor-top-column elementor-element elementor-element-a2bb790\" data-id=\"a2bb790\" data-element_type=\"column\">\n\t\t\t<div class=\"elementor-column-wrap elementor-element-populated\">\n\t\t\t\t\t\t\t<div class=\"elementor-widget-wrap\">\n\t\t\t\t\t\t<div class=\"elementor-element elementor-element-7e5665a elementor-widget elementor-widget-text-editor\" data-id=\"7e5665a\" data-element_type=\"widget\" data-widget_type=\"text-editor.default\">\n\t\t\t\t<div class=\"elementor-widget-container\">\n\t\t\t\t\t<div class=\"elementor-text-editor elementor-clearfix\"><p>Membre du Conseil d\u2019Administration de l\u2019H\u00f4tel Mand\u00e9, Cit\u00e9 du Niger<\/p><\/div>\n\t\t\t\t<\/div>\n\t\t\t\t<\/div>\n\t\t\t\t\t\t<\/div>\n\t\t\t\t\t<\/div>\n\t\t<\/div>\n\t\t\t\t\t\t\t\t<\/div>\n\t\t\t\t\t<\/div>\n\t\t<\/section>\n\t\t\t\t<section class=\"elementor-section elementor-top-section elementor-element elementor-element-8e49085 elementor-section-boxed elementor-section-height-default elementor-section-height-default\" data-id=\"8e49085\" data-element_type=\"section\">\n\t\t\t\t\t\t<div class=\"elementor-container elementor-column-gap-default\">\n\t\t\t\t\t\t\t<div class=\"elementor-row\">\n\t\t\t\t\t<div class=\"elementor-column elementor-col-33 elementor-top-column elementor-element elementor-element-82917a4\" data-id=\"82917a4\" data-element_type=\"column\">\n\t\t\t<div class=\"elementor-column-wrap elementor-element-populated\">\n\t\t\t\t\t\t\t<div class=\"elementor-widget-wrap\">\n\t\t\t\t\t\t<div class=\"elementor-element elementor-element-f3b176e elementor-widget elementor-widget-text-editor\" data-id=\"f3b176e\" data-element_type=\"widget\" data-widget_type=\"text-editor.default\">\n\t\t\t\t<div class=\"elementor-widget-container\">\n\t\t\t\t\t<div class=\"elementor-text-editor elementor-clearfix\"><p>Pr\u00e9sident d\u2019honneur de l\u2019Ordre des Ing\u00e9nieurs \u2013 Conseils du Mali (OICM)<\/p><\/div>\n\t\t\t\t<\/div>\n\t\t\t\t<\/div>\n\t\t\t\t\t\t<\/div>\n\t\t\t\t\t<\/div>\n\t\t<\/div>\n\t\t\t\t<div class=\"elementor-column elementor-col-66 elementor-top-column elementor-element elementor-element-b23abb7\" data-id=\"b23abb7\" data-element_type=\"column\">\n\t\t\t<div class=\"elementor-column-wrap elementor-element-populated\">\n\t\t\t\t\t\t\t<div class=\"elementor-widget-wrap\">\n\t\t\t\t\t\t<div class=\"elementor-element elementor-element-5a57439 elementor-widget elementor-widget-text-editor\" data-id=\"5a57439\" data-element_type=\"widget\" data-widget_type=\"text-editor.default\">\n\t\t\t\t<div class=\"elementor-widget-container\">\n\t\t\t\t\t<div class=\"elementor-text-editor elementor-clearfix\"><p>Au cours de sa longue carri\u00e8re, il a collabor\u00e9 avec plusieurs bureaux au plan national et international.<\/p><\/div>\n\t\t\t\t<\/div>\n\t\t\t\t<\/div>\n\t\t\t\t\t\t<\/div>\n\t\t\t\t\t<\/div>\n\t\t<\/div>\n\t\t\t\t\t\t\t\t<\/div>\n\t\t\t\t\t<\/div>\n\t\t<\/section>\n\t\t\t\t<section class=\"elementor-section elementor-top-section elementor-element elementor-element-a76ea9a elementor-section-boxed elementor-section-height-default elementor-section-height-default\" data-id=\"a76ea9a\" data-element_type=\"section\">\n\t\t\t\t\t\t<div class=\"elementor-container elementor-column-gap-default\">\n\t\t\t\t\t\t\t<div class=\"elementor-row\">\n\t\t\t\t\t<div class=\"elementor-column elementor-col-100 elementor-top-column elementor-element elementor-element-ebaf67f\" data-id=\"ebaf67f\" data-element_type=\"column\">\n\t\t\t<div class=\"elementor-column-wrap elementor-element-populated\">\n\t\t\t\t\t\t\t<div class=\"elementor-widget-wrap\">\n\t\t\t\t\t\t<div class=\"elementor-element elementor-element-053a32a elementor-widget elementor-widget-spacer\" data-id=\"053a32a\" data-element_type=\"widget\" data-widget_type=\"spacer.default\">\n\t\t\t\t<div class=\"elementor-widget-container\">\n\t\t\t\t\t<div class=\"elementor-spacer\">\n\t\t\t<div class=\"elementor-spacer-inner\"><\/div>\n\t\t<\/div>\n\t\t\t\t<\/div>\n\t\t\t\t<\/div>\n\t\t\t\t\t\t<\/div>\n\t\t\t\t\t<\/div>\n\t\t<\/div>\n\t\t\t\t\t\t\t\t<\/div>\n\t\t\t\t\t<\/div>\n\t\t<\/section>\n\t\t\t\t<section class=\"elementor-section elementor-top-section elementor-element elementor-element-080b448 elementor-section-boxed elementor-section-height-default elementor-section-height-default\" data-id=\"080b448\" data-element_type=\"section\">\n\t\t\t\t\t\t<div class=\"elementor-container elementor-column-gap-default\">\n\t\t\t\t\t\t\t<div class=\"elementor-row\">\n\t\t\t\t\t<div class=\"elementor-column elementor-col-100 elementor-top-column elementor-element elementor-element-5ed20b7\" data-id=\"5ed20b7\" data-element_type=\"column\">\n\t\t\t<div class=\"elementor-column-wrap\">\n\t\t\t\t\t\t\t<div class=\"elementor-widget-wrap\">\n\t\t\t\t\t\t\t\t<\/div>\n\t\t\t\t\t<\/div>\n\t\t<\/div>\n\t\t\t\t\t\t\t\t<\/div>\n\t\t\t\t\t<\/div>\n\t\t<\/section>\n\t\t\t\t\t\t<\/div>\n\t\t\t\t\t\t<\/div>\n\t\t\t\t\t<\/div>\n\t\t","protected":false},"excerpt":{"rendered":"","protected":false},"author":1,"featured_media":0,"parent":0,"menu_order":0,"comment_status":"closed","ping_status":"closed","template":"","meta":[],"_links":{"self":[{"href":"https:\/\/gid-mali.com\/index.php\/wp-json\/wp\/v2\/pages\/889"}],"collection":[{"href":"https:\/\/gid-mali.com\/index.php\/wp-json\/wp\/v2\/pages"}],"about":[{"href":"https:\/\/gid-mali.com\/index.php\/wp-json\/wp\/v2\/types\/page"}],"author":[{"embeddable":true,"href":"https:\/\/gid-mali.com\/index.php\/wp-json\/wp\/v2\/users\/1"}],"replies":[{"embeddable":true,"href":"https:\/\/gid-mali.com\/index.php\/wp-json\/wp\/v2\/comments?post=889"}],"version-history":[{"count":18,"href":"https:\/\/gid-mali.com\/index.php\/wp-json\/wp\/v2\/pages\/889\/revisions"}],"predecessor-version":[{"id":922,"href":"https:\/\/gid-mali.com\/index.php\/wp-json\/wp\/v2\/pages\/889\/revisions\/922"}],"wp:attachment":[{"href":"https:\/\/gid-mali.com\/index.php\/wp-json\/wp\/v2\/media?parent=889"}],"curies":[{"name":"wp","href":"https:\/\/api.w.org\/{rel}","templated":true}]}}